{"id":7,"date":"2024-07-28T16:56:58","date_gmt":"2024-07-28T16:56:58","guid":{"rendered":"http:\/\/www.xinaloaniagroindustria.com\/?page_id=7"},"modified":"2025-11-17T17:51:07","modified_gmt":"2025-11-18T00:51:07","slug":"agricultura","status":"publish","type":"page","link":"https:\/\/www.xinaloaniagroindustria.com\/en\/agricultura\/","title":{"rendered":"Agricultura"},"content":{"rendered":"<div data-elementor-type=\"wp-post\" data-elementor-id=\"7\" class=\"elementor elementor-7\" data-elementor-post-type=\"page\">\n\t\t\t\t<div class=\"elementor-element elementor-element-f3c34e4 e-flex e-con-boxed e-con e-parent\" data-id=\"f3c34e4\" data-element_type=\"container\" data-e-type=\"container\" data-settings=\"{&quot;background_background&quot;:&quot;classic&quot;}\">\n\t\t\t\t\t<div class=\"e-con-inner\">\n\t\t\t\t<div class=\"elementor-element elementor-element-0a8e330 elementor-widget elementor-widget-heading\" data-id=\"0a8e330\" data-element_type=\"widget\" data-e-type=\"widget\" data-widget_type=\"heading.default\">\n\t\t\t\t<div class=\"elementor-widget-container\">\n\t\t\t\t\t<h2 class=\"elementor-heading-title elementor-size-default\">REGENERATIVE AGRICULTURE<\/h2>\t\t\t\t<\/div>\n\t\t\t\t<\/div>\n\t\t\t\t\t<\/div>\n\t\t\t\t<\/div>\n\t\t<div class=\"elementor-element elementor-element-1cc2f47 e-flex e-con-boxed e-con e-parent\" data-id=\"1cc2f47\" data-element_type=\"container\" data-e-type=\"container\">\n\t\t\t\t\t<div class=\"e-con-inner\">\n\t\t<div class=\"elementor-element elementor-element-0117bb5 e-con-full e-flex e-con e-child\" data-id=\"0117bb5\" data-element_type=\"container\" data-e-type=\"container\">\n\t\t\t\t<div class=\"elementor-element elementor-element-d1ea116 elementor-widget elementor-widget-text-editor\" data-id=\"d1ea116\" data-element_type=\"widget\" data-e-type=\"widget\" data-widget_type=\"text-editor.default\">\n\t\t\t\t<div class=\"elementor-widget-container\">\n\t\t\t\t\t\t\t\t\t<p>La agricultura regenerativa es m\u00e1s que un simple enfoque agr\u00edcola;\u00a0<strong>es un compromiso con la salud de nuestro suelo y el bienestar de las generaciones futuras<\/strong>. Se basa en\u00a0t\u00e9cnicas que reconstruyen la materia org\u00e1nica y la biodiversidad del suelo, contrarrestando as\u00ed los\u00a0impactos del cambio clim\u00e1tico.<\/p><p>Nuestro objetivo es <strong>regenerar, estimular y mantener la fertilidad y biodiversidad de la tierra<\/strong> promueve un suelo que albergue una gran cantidad de vida y materia org\u00e1nica y que sea capaz de producir alimentos utilizando los recursos propios de la naturaleza y la implementaci\u00f3n de mejores practicas en el campo.<\/p><p>Estas pol\u00edticas nos permiten cumplir con demandas y requerimientos que nos solicitan nuestros clientes y las exigencias de <strong>calidad en los mercados nacionales e internacionales.<\/strong><\/p>\t\t\t\t\t\t\t\t<\/div>\n\t\t\t\t<\/div>\n\t\t\t\t<\/div>\n\t\t<div class=\"elementor-element elementor-element-a103cd7 e-con-full e-flex e-con e-child\" data-id=\"a103cd7\" data-element_type=\"container\" data-e-type=\"container\">\n\t\t\t\t<div class=\"elementor-element elementor-element-8174509 elementor-widget elementor-widget-image\" data-id=\"8174509\" data-element_type=\"widget\" data-e-type=\"widget\" data-widget_type=\"image.default\">\n\t\t\t\t<div class=\"elementor-widget-container\">\n\t\t\t\t\t\t\t\t\t\t\t\t\t\t\t<img fetchpriority=\"high\" decoding=\"async\" width=\"800\" height=\"783\" src=\"https:\/\/www.xinaloaniagroindustria.com\/wp-content\/uploads\/2024\/09\/AR_logo.gif\" class=\"attachment-large size-large wp-image-398\" alt=\"\" \/>\t\t\t\t\t\t\t\t\t\t\t\t\t\t\t<\/div>\n\t\t\t\t<\/div>\n\t\t\t\t<\/div>\n\t\t\t\t\t<\/div>\n\t\t\t\t<\/div>\n\t\t<div class=\"elementor-element elementor-element-b48ddd2 e-flex e-con-boxed e-con e-parent\" data-id=\"b48ddd2\" data-element_type=\"container\" data-e-type=\"container\">\n\t\t\t\t\t<div class=\"e-con-inner\">\n\t\t\t\t<div class=\"elementor-element elementor-element-bcdfd20 elementor-widget elementor-widget-heading\" data-id=\"bcdfd20\" data-element_type=\"widget\" data-e-type=\"widget\" data-widget_type=\"heading.default\">\n\t\t\t\t<div class=\"elementor-widget-container\">\n\t\t\t\t\t<h2 class=\"elementor-heading-title elementor-size-default\">PRINCIPLES OF REGENERATIVE AGRICULTURE\n<\/h2>\t\t\t\t<\/div>\n\t\t\t\t<\/div>\n\t\t\t\t<div class=\"elementor-element elementor-element-ee02107 elementor-widget elementor-widget-image\" data-id=\"ee02107\" data-element_type=\"widget\" data-e-type=\"widget\" data-widget_type=\"image.default\">\n\t\t\t\t<div class=\"elementor-widget-container\">\n\t\t\t\t\t\t\t\t\t\t\t\t\t\t\t<img decoding=\"async\" width=\"1920\" height=\"569\" src=\"https:\/\/www.xinaloaniagroindustria.com\/wp-content\/uploads\/2024\/09\/regenerativa.png\" class=\"attachment-full size-full wp-image-410\" alt=\"\" srcset=\"https:\/\/www.xinaloaniagroindustria.com\/wp-content\/uploads\/2024\/09\/regenerativa.png 1920w, https:\/\/www.xinaloaniagroindustria.com\/wp-content\/uploads\/2024\/09\/regenerativa-300x89.png 300w, https:\/\/www.xinaloaniagroindustria.com\/wp-content\/uploads\/2024\/09\/regenerativa-1024x303.png 1024w, https:\/\/www.xinaloaniagroindustria.com\/wp-content\/uploads\/2024\/09\/regenerativa-768x228.png 768w, https:\/\/www.xinaloaniagroindustria.com\/wp-content\/uploads\/2024\/09\/regenerativa-1536x455.png 1536w\" sizes=\"(max-width: 1920px) 100vw, 1920px\" \/>\t\t\t\t\t\t\t\t\t\t\t\t\t\t\t<\/div>\n\t\t\t\t<\/div>\n\t\t\t\t\t<\/div>\n\t\t\t\t<\/div>\n\t\t<div class=\"elementor-element elementor-element-b694d8f e-flex e-con-boxed e-con e-parent\" data-id=\"b694d8f\" data-element_type=\"container\" data-e-type=\"container\">\n\t\t\t\t\t<div class=\"e-con-inner\">\n\t\t<div class=\"elementor-element elementor-element-2b015a8 e-con-full e-flex e-con e-child\" data-id=\"2b015a8\" data-element_type=\"container\" data-e-type=\"container\">\n\t\t\t\t<div class=\"elementor-element elementor-element-4dcb2de elementor-widget elementor-widget-text-editor\" data-id=\"4dcb2de\" data-element_type=\"widget\" data-e-type=\"widget\" data-widget_type=\"text-editor.default\">\n\t\t\t\t<div class=\"elementor-widget-container\">\n\t\t\t\t\t\t\t\t\t<p>Maintain ground cover.<\/p>\t\t\t\t\t\t\t\t<\/div>\n\t\t\t\t<\/div>\n\t\t\t\t<\/div>\n\t\t<div class=\"elementor-element elementor-element-bab3264 e-con-full e-flex e-con e-child\" data-id=\"bab3264\" data-element_type=\"container\" data-e-type=\"container\">\n\t\t\t\t<div class=\"elementor-element elementor-element-e587c4b elementor-widget elementor-widget-text-editor\" data-id=\"e587c4b\" data-element_type=\"widget\" data-e-type=\"widget\" data-widget_type=\"text-editor.default\">\n\t\t\t\t<div class=\"elementor-widget-container\">\n\t\t\t\t\t\t\t\t\t<p>Keep roots alive all year round.<\/p>\t\t\t\t\t\t\t\t<\/div>\n\t\t\t\t<\/div>\n\t\t\t\t<\/div>\n\t\t<div class=\"elementor-element elementor-element-852c722 e-con-full e-flex e-con e-child\" data-id=\"852c722\" data-element_type=\"container\" data-e-type=\"container\">\n\t\t\t\t<div class=\"elementor-element elementor-element-32a1171 elementor-widget elementor-widget-text-editor\" data-id=\"32a1171\" data-element_type=\"widget\" data-e-type=\"widget\" data-widget_type=\"text-editor.default\">\n\t\t\t\t<div class=\"elementor-widget-container\">\n\t\t\t\t\t\t\t\t\t<p>Minimizes soil handling.<\/p>\t\t\t\t\t\t\t\t<\/div>\n\t\t\t\t<\/div>\n\t\t\t\t<\/div>\n\t\t<div class=\"elementor-element elementor-element-9905cb4 e-con-full e-flex e-con e-child\" data-id=\"9905cb4\" data-element_type=\"container\" data-e-type=\"container\">\n\t\t\t\t<div class=\"elementor-element elementor-element-a0851be elementor-widget elementor-widget-text-editor\" data-id=\"a0851be\" data-element_type=\"widget\" data-e-type=\"widget\" data-widget_type=\"text-editor.default\">\n\t\t\t\t<div class=\"elementor-widget-container\">\n\t\t\t\t\t\t\t\t\t<p>Integrate cattle.<\/p>\t\t\t\t\t\t\t\t<\/div>\n\t\t\t\t<\/div>\n\t\t\t\t<\/div>\n\t\t<div class=\"elementor-element elementor-element-bd3d1d4 e-con-full e-flex e-con e-child\" data-id=\"bd3d1d4\" data-element_type=\"container\" data-e-type=\"container\">\n\t\t\t\t<div class=\"elementor-element elementor-element-debb035 elementor-widget elementor-widget-text-editor\" data-id=\"debb035\" data-element_type=\"widget\" data-e-type=\"widget\" data-widget_type=\"text-editor.default\">\n\t\t\t\t<div class=\"elementor-widget-container\">\n\t\t\t\t\t\t\t\t\t<p>Maximizes crop diversity.<\/p>\t\t\t\t\t\t\t\t<\/div>\n\t\t\t\t<\/div>\n\t\t\t\t<\/div>\n\t\t\t\t\t<\/div>\n\t\t\t\t<\/div>\n\t\t<div class=\"elementor-element elementor-element-f867433 e-flex e-con-boxed e-con e-parent\" data-id=\"f867433\" data-element_type=\"container\" data-e-type=\"container\">\n\t\t\t\t\t<div class=\"e-con-inner\">\n\t\t\t\t<div class=\"elementor-element elementor-element-8793ba4 elementor-widget elementor-widget-gallery\" data-id=\"8793ba4\" data-element_type=\"widget\" data-e-type=\"widget\" data-settings=\"{&quot;gallery_layout&quot;:&quot;masonry&quot;,&quot;columns&quot;:3,&quot;lazyload&quot;:&quot;yes&quot;,&quot;columns_tablet&quot;:2,&quot;columns_mobile&quot;:1,&quot;gap&quot;:{&quot;unit&quot;:&quot;px&quot;,&quot;size&quot;:10,&quot;sizes&quot;:[]},&quot;gap_tablet&quot;:{&quot;unit&quot;:&quot;px&quot;,&quot;size&quot;:10,&quot;sizes&quot;:[]},&quot;gap_mobile&quot;:{&quot;unit&quot;:&quot;px&quot;,&quot;size&quot;:10,&quot;sizes&quot;:[]},&quot;link_to&quot;:&quot;file&quot;,&quot;overlay_background&quot;:&quot;yes&quot;,&quot;content_hover_animation&quot;:&quot;fade-in&quot;}\" data-widget_type=\"gallery.default\">\n\t\t\t\t<div class=\"elementor-widget-container\">\n\t\t\t\t\t\t\t<div class=\"elementor-gallery__container\">\n\t\t\t\t\t\t\t<a class=\"e-gallery-item elementor-gallery-item elementor-animated-content\" href=\"https:\/\/www.xinaloaniagroindustria.com\/wp-content\/uploads\/2024\/09\/campo_4.png\" data-elementor-open-lightbox=\"yes\" data-elementor-lightbox-slideshow=\"8793ba4\" data-elementor-lightbox-title=\"campo_4\" data-e-action-hash=\"#elementor-action%3Aaction%3Dlightbox%26settings%3DeyJpZCI6NDIyLCJ1cmwiOiJodHRwczpcL1wvd3d3LnhpbmFsb2FuaWFncm9pbmR1c3RyaWEuY29tXC93cC1jb250ZW50XC91cGxvYWRzXC8yMDI0XC8wOVwvY2FtcG9fNC5wbmciLCJzbGlkZXNob3ciOiI4NzkzYmE0In0%3D\">\n\t\t\t\t\t<div class=\"e-gallery-image elementor-gallery-item__image\" data-thumbnail=\"https:\/\/www.xinaloaniagroindustria.com\/wp-content\/uploads\/2024\/09\/campo_4.png\" data-width=\"640\" data-height=\"701\" aria-label=\"\" role=\"img\" ><\/div>\n\t\t\t\t\t\t\t\t\t\t\t<div class=\"elementor-gallery-item__overlay\"><\/div>\n\t\t\t\t\t\t\t\t\t\t\t\t\t\t<\/a>\n\t\t\t\t\t\t\t<a class=\"e-gallery-item elementor-gallery-item elementor-animated-content\" href=\"https:\/\/www.xinaloaniagroindustria.com\/wp-content\/uploads\/2024\/07\/siembra.png\" data-elementor-open-lightbox=\"yes\" data-elementor-lightbox-slideshow=\"8793ba4\" data-elementor-lightbox-title=\"siembra\" data-e-action-hash=\"#elementor-action%3Aaction%3Dlightbox%26settings%3DeyJpZCI6MjkwLCJ1cmwiOiJodHRwczpcL1wvd3d3LnhpbmFsb2FuaWFncm9pbmR1c3RyaWEuY29tXC93cC1jb250ZW50XC91cGxvYWRzXC8yMDI0XC8wN1wvc2llbWJyYS5wbmciLCJzbGlkZXNob3ciOiI4NzkzYmE0In0%3D\">\n\t\t\t\t\t<div class=\"e-gallery-image elementor-gallery-item__image\" data-thumbnail=\"https:\/\/www.xinaloaniagroindustria.com\/wp-content\/uploads\/2024\/07\/siembra-1024x987.png\" data-width=\"800\" data-height=\"771\" aria-label=\"\" role=\"img\" ><\/div>\n\t\t\t\t\t\t\t\t\t\t\t<div class=\"elementor-gallery-item__overlay\"><\/div>\n\t\t\t\t\t\t\t\t\t\t\t\t\t\t<\/a>\n\t\t\t\t\t\t\t<a class=\"e-gallery-item elementor-gallery-item elementor-animated-content\" href=\"https:\/\/www.xinaloaniagroindustria.com\/wp-content\/uploads\/2024\/07\/plaga.jpg\" data-elementor-open-lightbox=\"yes\" data-elementor-lightbox-slideshow=\"8793ba4\" data-elementor-lightbox-title=\"plaga\" data-e-action-hash=\"#elementor-action%3Aaction%3Dlightbox%26settings%3DeyJpZCI6Mjg5LCJ1cmwiOiJodHRwczpcL1wvd3d3LnhpbmFsb2FuaWFncm9pbmR1c3RyaWEuY29tXC93cC1jb250ZW50XC91cGxvYWRzXC8yMDI0XC8wN1wvcGxhZ2EuanBnIiwic2xpZGVzaG93IjoiODc5M2JhNCJ9\">\n\t\t\t\t\t<div class=\"e-gallery-image elementor-gallery-item__image\" data-thumbnail=\"https:\/\/www.xinaloaniagroindustria.com\/wp-content\/uploads\/2024\/07\/plaga-1024x648.jpg\" data-width=\"800\" data-height=\"506\" aria-label=\"\" role=\"img\" ><\/div>\n\t\t\t\t\t\t\t\t\t\t\t<div class=\"elementor-gallery-item__overlay\"><\/div>\n\t\t\t\t\t\t\t\t\t\t\t\t\t\t<\/a>\n\t\t\t\t\t\t\t<a class=\"e-gallery-item elementor-gallery-item elementor-animated-content\" href=\"https:\/\/www.xinaloaniagroindustria.com\/wp-content\/uploads\/2024\/07\/WhatsApp-Image-2024-06-24-at-12.46.33-PM.jpeg\" data-elementor-open-lightbox=\"yes\" data-elementor-lightbox-slideshow=\"8793ba4\" data-elementor-lightbox-title=\"WhatsApp Image 2024-06-24 at 12.46.33 PM\" data-e-action-hash=\"#elementor-action%3Aaction%3Dlightbox%26settings%3DeyJpZCI6Mjg4LCJ1cmwiOiJodHRwczpcL1wvd3d3LnhpbmFsb2FuaWFncm9pbmR1c3RyaWEuY29tXC93cC1jb250ZW50XC91cGxvYWRzXC8yMDI0XC8wN1wvV2hhdHNBcHAtSW1hZ2UtMjAyNC0wNi0yNC1hdC0xMi40Ni4zMy1QTS5qcGVnIiwic2xpZGVzaG93IjoiODc5M2JhNCJ9\">\n\t\t\t\t\t<div class=\"e-gallery-image elementor-gallery-item__image\" data-thumbnail=\"https:\/\/www.xinaloaniagroindustria.com\/wp-content\/uploads\/2024\/07\/WhatsApp-Image-2024-06-24-at-12.46.33-PM-768x1024.jpeg\" data-width=\"768\" data-height=\"1024\" aria-label=\"\" role=\"img\" ><\/div>\n\t\t\t\t\t\t\t\t\t\t\t<div class=\"elementor-gallery-item__overlay\"><\/div>\n\t\t\t\t\t\t\t\t\t\t\t\t\t\t<\/a>\n\t\t\t\t\t\t\t<a class=\"e-gallery-item elementor-gallery-item elementor-animated-content\" href=\"https:\/\/www.xinaloaniagroindustria.com\/wp-content\/uploads\/2024\/07\/WhatsApp-Image-2024-07-24-at-11.19.19-AM.jpeg\" data-elementor-open-lightbox=\"yes\" data-elementor-lightbox-slideshow=\"8793ba4\" data-elementor-lightbox-title=\"WhatsApp Image 2024-07-24 at 11.19.19 AM\" data-e-action-hash=\"#elementor-action%3Aaction%3Dlightbox%26settings%3DeyJpZCI6Mjk0LCJ1cmwiOiJodHRwczpcL1wvd3d3LnhpbmFsb2FuaWFncm9pbmR1c3RyaWEuY29tXC93cC1jb250ZW50XC91cGxvYWRzXC8yMDI0XC8wN1wvV2hhdHNBcHAtSW1hZ2UtMjAyNC0wNy0yNC1hdC0xMS4xOS4xOS1BTS5qcGVnIiwic2xpZGVzaG93IjoiODc5M2JhNCJ9\">\n\t\t\t\t\t<div class=\"e-gallery-image elementor-gallery-item__image\" data-thumbnail=\"https:\/\/www.xinaloaniagroindustria.com\/wp-content\/uploads\/2024\/07\/WhatsApp-Image-2024-07-24-at-11.19.19-AM-768x1024.jpeg\" data-width=\"768\" data-height=\"1024\" aria-label=\"\" role=\"img\" ><\/div>\n\t\t\t\t\t\t\t\t\t\t\t<div class=\"elementor-gallery-item__overlay\"><\/div>\n\t\t\t\t\t\t\t\t\t\t\t\t\t\t<\/a>\n\t\t\t\t\t\t\t<a class=\"e-gallery-item elementor-gallery-item elementor-animated-content\" href=\"https:\/\/www.xinaloaniagroindustria.com\/wp-content\/uploads\/2024\/07\/WhatsApp-Image-2024-07-27-at-7.28.14-PM.jpeg\" data-elementor-open-lightbox=\"yes\" data-elementor-lightbox-slideshow=\"8793ba4\" data-elementor-lightbox-title=\"WhatsApp Image 2024-07-27 at 7.28.14 PM\" data-e-action-hash=\"#elementor-action%3Aaction%3Dlightbox%26settings%3DeyJpZCI6Mjg2LCJ1cmwiOiJodHRwczpcL1wvd3d3LnhpbmFsb2FuaWFncm9pbmR1c3RyaWEuY29tXC93cC1jb250ZW50XC91cGxvYWRzXC8yMDI0XC8wN1wvV2hhdHNBcHAtSW1hZ2UtMjAyNC0wNy0yNy1hdC03LjI4LjE0LVBNLmpwZWciLCJzbGlkZXNob3ciOiI4NzkzYmE0In0%3D\">\n\t\t\t\t\t<div class=\"e-gallery-image elementor-gallery-item__image\" data-thumbnail=\"https:\/\/www.xinaloaniagroindustria.com\/wp-content\/uploads\/2024\/07\/WhatsApp-Image-2024-07-27-at-7.28.14-PM-768x1024.jpeg\" data-width=\"768\" data-height=\"1024\" aria-label=\"\" role=\"img\" ><\/div>\n\t\t\t\t\t\t\t\t\t\t\t<div class=\"elementor-gallery-item__overlay\"><\/div>\n\t\t\t\t\t\t\t\t\t\t\t\t\t\t<\/a>\n\t\t\t\t\t\t\t<a class=\"e-gallery-item elementor-gallery-item elementor-animated-content\" href=\"https:\/\/www.xinaloaniagroindustria.com\/wp-content\/uploads\/2024\/09\/campo_2.png\" data-elementor-open-lightbox=\"yes\" data-elementor-lightbox-slideshow=\"8793ba4\" data-elementor-lightbox-title=\"campo_2\" data-e-action-hash=\"#elementor-action%3Aaction%3Dlightbox%26settings%3DeyJpZCI6NDIwLCJ1cmwiOiJodHRwczpcL1wvd3d3LnhpbmFsb2FuaWFncm9pbmR1c3RyaWEuY29tXC93cC1jb250ZW50XC91cGxvYWRzXC8yMDI0XC8wOVwvY2FtcG9fMi5wbmciLCJzbGlkZXNob3ciOiI4NzkzYmE0In0%3D\">\n\t\t\t\t\t<div class=\"e-gallery-image elementor-gallery-item__image\" data-thumbnail=\"https:\/\/www.xinaloaniagroindustria.com\/wp-content\/uploads\/2024\/09\/campo_2.png\" data-width=\"635\" data-height=\"617\" aria-label=\"\" role=\"img\" ><\/div>\n\t\t\t\t\t\t\t\t\t\t\t<div class=\"elementor-gallery-item__overlay\"><\/div>\n\t\t\t\t\t\t\t\t\t\t\t\t\t\t<\/a>\n\t\t\t\t\t\t\t<a class=\"e-gallery-item elementor-gallery-item elementor-animated-content\" href=\"https:\/\/www.xinaloaniagroindustria.com\/wp-content\/uploads\/2024\/07\/WhatsApp-Image-2024-06-28-at-8.31.13-AM.jpeg\" data-elementor-open-lightbox=\"yes\" data-elementor-lightbox-slideshow=\"8793ba4\" data-elementor-lightbox-title=\"WhatsApp Image 2024-06-28 at 8.31.13 AM\" data-e-action-hash=\"#elementor-action%3Aaction%3Dlightbox%26settings%3DeyJpZCI6MjgwLCJ1cmwiOiJodHRwczpcL1wvd3d3LnhpbmFsb2FuaWFncm9pbmR1c3RyaWEuY29tXC93cC1jb250ZW50XC91cGxvYWRzXC8yMDI0XC8wN1wvV2hhdHNBcHAtSW1hZ2UtMjAyNC0wNi0yOC1hdC04LjMxLjEzLUFNLmpwZWciLCJzbGlkZXNob3ciOiI4NzkzYmE0In0%3D\">\n\t\t\t\t\t<div class=\"e-gallery-image elementor-gallery-item__image\" data-thumbnail=\"https:\/\/www.xinaloaniagroindustria.com\/wp-content\/uploads\/2024\/07\/WhatsApp-Image-2024-06-28-at-8.31.13-AM-768x1024.jpeg\" data-width=\"768\" data-height=\"1024\" aria-label=\"\" role=\"img\" ><\/div>\n\t\t\t\t\t\t\t\t\t\t\t<div class=\"elementor-gallery-item__overlay\"><\/div>\n\t\t\t\t\t\t\t\t\t\t\t\t\t\t<\/a>\n\t\t\t\t\t\t\t<a class=\"e-gallery-item elementor-gallery-item elementor-animated-content\" href=\"https:\/\/www.xinaloaniagroindustria.com\/wp-content\/uploads\/2024\/09\/campo_3.png\" data-elementor-open-lightbox=\"yes\" data-elementor-lightbox-slideshow=\"8793ba4\" data-elementor-lightbox-title=\"campo_3\" data-e-action-hash=\"#elementor-action%3Aaction%3Dlightbox%26settings%3DeyJpZCI6NDIxLCJ1cmwiOiJodHRwczpcL1wvd3d3LnhpbmFsb2FuaWFncm9pbmR1c3RyaWEuY29tXC93cC1jb250ZW50XC91cGxvYWRzXC8yMDI0XC8wOVwvY2FtcG9fMy5wbmciLCJzbGlkZXNob3ciOiI4NzkzYmE0In0%3D\">\n\t\t\t\t\t<div class=\"e-gallery-image elementor-gallery-item__image\" data-thumbnail=\"https:\/\/www.xinaloaniagroindustria.com\/wp-content\/uploads\/2024\/09\/campo_3.png\" data-width=\"640\" data-height=\"377\" aria-label=\"\" role=\"img\" ><\/div>\n\t\t\t\t\t\t\t\t\t\t\t<div class=\"elementor-gallery-item__overlay\"><\/div>\n\t\t\t\t\t\t\t\t\t\t\t\t\t\t<\/a>\n\t\t\t\t\t<\/div>\n\t\t\t\t\t<\/div>\n\t\t\t\t<\/div>\n\t\t\t\t\t<\/div>\n\t\t\t\t<\/div>\n\t\t\t\t<\/div>","protected":false},"excerpt":{"rendered":"<p>AGRICULTURA REGENERATIVA La agricultura regenerativa es m\u00e1s que un simple enfoque agr\u00edcola;\u00a0es un compromiso con la salud de nuestro suelo y el bienestar de las generaciones futuras. Se basa en\u00a0t\u00e9cnicas que reconstruyen la materia org\u00e1nica y la biodiversidad del suelo, contrarrestando as\u00ed los\u00a0impactos del cambio clim\u00e1tico. Nuestro objetivo es regenerar, estimular y mantener la fertilidad [&hellip;]<\/p>\n","protected":false},"author":1,"featured_media":0,"parent":0,"menu_order":0,"comment_status":"closed","ping_status":"closed","template":"elementor_header_footer","meta":{"footnotes":""},"class_list":["post-7","page","type-page","status-publish","hentry"],"_links":{"self":[{"href":"https:\/\/www.xinaloaniagroindustria.com\/en\/wp-json\/wp\/v2\/pages\/7","targetHints":{"allow":["GET"]}}],"collection":[{"href":"https:\/\/www.xinaloaniagroindustria.com\/en\/wp-json\/wp\/v2\/pages"}],"about":[{"href":"https:\/\/www.xinaloaniagroindustria.com\/en\/wp-json\/wp\/v2\/types\/page"}],"author":[{"embeddable":true,"href":"https:\/\/www.xinaloaniagroindustria.com\/en\/wp-json\/wp\/v2\/users\/1"}],"replies":[{"embeddable":true,"href":"https:\/\/www.xinaloaniagroindustria.com\/en\/wp-json\/wp\/v2\/comments?post=7"}],"version-history":[{"count":77,"href":"https:\/\/www.xinaloaniagroindustria.com\/en\/wp-json\/wp\/v2\/pages\/7\/revisions"}],"predecessor-version":[{"id":804,"href":"https:\/\/www.xinaloaniagroindustria.com\/en\/wp-json\/wp\/v2\/pages\/7\/revisions\/804"}],"wp:attachment":[{"href":"https:\/\/www.xinaloaniagroindustria.com\/en\/wp-json\/wp\/v2\/media?parent=7"}],"curies":[{"name":"wp","href":"https:\/\/api.w.org\/{rel}","templated":true}]}}