{"id":429,"date":"2024-09-09T01:45:01","date_gmt":"2024-09-09T08:45:01","guid":{"rendered":"https:\/\/www.xinaloaniagroindustria.com\/?page_id=429"},"modified":"2025-11-17T18:22:08","modified_gmt":"2025-11-18T01:22:08","slug":"productos","status":"publish","type":"page","link":"https:\/\/www.xinaloaniagroindustria.com\/en\/productos\/","title":{"rendered":"Productos"},"content":{"rendered":"<div data-elementor-type=\"wp-post\" data-elementor-id=\"429\" class=\"elementor elementor-429\" data-elementor-post-type=\"page\">\n\t\t\t\t<div class=\"elementor-element elementor-element-f3c34e4 e-flex e-con-boxed e-con e-parent\" data-id=\"f3c34e4\" data-element_type=\"container\" data-e-type=\"container\" data-settings=\"{&quot;background_background&quot;:&quot;classic&quot;}\">\n\t\t\t\t\t<div class=\"e-con-inner\">\n\t\t\t\t<div class=\"elementor-element elementor-element-0a8e330 elementor-widget elementor-widget-heading\" data-id=\"0a8e330\" data-element_type=\"widget\" data-e-type=\"widget\" data-widget_type=\"heading.default\">\n\t\t\t\t<div class=\"elementor-widget-container\">\n\t\t\t\t\t<h2 class=\"elementor-heading-title elementor-size-default\">OUR SERVICES<\/h2>\t\t\t\t<\/div>\n\t\t\t\t<\/div>\n\t\t\t\t\t<\/div>\n\t\t\t\t<\/div>\n\t\t<div class=\"elementor-element elementor-element-1cc2f47 e-flex e-con-boxed e-con e-parent\" data-id=\"1cc2f47\" data-element_type=\"container\" data-e-type=\"container\">\n\t\t\t\t\t<div class=\"e-con-inner\">\n\t\t<div class=\"elementor-element elementor-element-0117bb5 e-con-full e-flex e-con e-child\" data-id=\"0117bb5\" data-element_type=\"container\" data-e-type=\"container\">\n\t\t\t\t<div class=\"elementor-element elementor-element-39b8f4c elementor-widget elementor-widget-image\" data-id=\"39b8f4c\" data-element_type=\"widget\" data-e-type=\"widget\" data-widget_type=\"image.default\">\n\t\t\t\t<div class=\"elementor-widget-container\">\n\t\t\t\t\t\t\t\t\t\t\t\t\t\t\t<img fetchpriority=\"high\" decoding=\"async\" width=\"344\" height=\"331\" src=\"https:\/\/www.xinaloaniagroindustria.com\/wp-content\/uploads\/2024\/09\/foto_01.png\" class=\"attachment-large size-large wp-image-432\" alt=\"\" srcset=\"https:\/\/www.xinaloaniagroindustria.com\/wp-content\/uploads\/2024\/09\/foto_01.png 344w, https:\/\/www.xinaloaniagroindustria.com\/wp-content\/uploads\/2024\/09\/foto_01-300x289.png 300w\" sizes=\"(max-width: 344px) 100vw, 344px\" \/>\t\t\t\t\t\t\t\t\t\t\t\t\t\t\t<\/div>\n\t\t\t\t<\/div>\n\t\t\t\t<div class=\"elementor-element elementor-element-f432f7a elementor-widget elementor-widget-heading\" data-id=\"f432f7a\" data-element_type=\"widget\" data-e-type=\"widget\" data-widget_type=\"heading.default\">\n\t\t\t\t<div class=\"elementor-widget-container\">\n\t\t\t\t\t<h2 class=\"elementor-heading-title elementor-size-default\">Grain Marketing\n\n<\/h2>\t\t\t\t<\/div>\n\t\t\t\t<\/div>\n\t\t\t\t<div class=\"elementor-element elementor-element-d1ea116 elementor-widget elementor-widget-text-editor\" data-id=\"d1ea116\" data-element_type=\"widget\" data-e-type=\"widget\" data-widget_type=\"text-editor.default\">\n\t\t\t\t<div class=\"elementor-widget-container\">\n\t\t\t\t\t\t\t\t\t<p>We purchase and market a significant volume of grains and seeds to meet our customer\u2019s demand.<\/p>\t\t\t\t\t\t\t\t<\/div>\n\t\t\t\t<\/div>\n\t\t\t\t<\/div>\n\t\t<div class=\"elementor-element elementor-element-a103cd7 e-con-full e-flex e-con e-child\" data-id=\"a103cd7\" data-element_type=\"container\" data-e-type=\"container\">\n\t\t\t\t<div class=\"elementor-element elementor-element-e334536 elementor-widget elementor-widget-image\" data-id=\"e334536\" data-element_type=\"widget\" data-e-type=\"widget\" data-widget_type=\"image.default\">\n\t\t\t\t<div class=\"elementor-widget-container\">\n\t\t\t\t\t\t\t\t\t\t\t\t\t\t\t<img decoding=\"async\" width=\"344\" height=\"331\" src=\"https:\/\/www.xinaloaniagroindustria.com\/wp-content\/uploads\/2024\/09\/foto_02.png\" class=\"attachment-large size-large wp-image-433\" alt=\"\" srcset=\"https:\/\/www.xinaloaniagroindustria.com\/wp-content\/uploads\/2024\/09\/foto_02.png 344w, https:\/\/www.xinaloaniagroindustria.com\/wp-content\/uploads\/2024\/09\/foto_02-300x289.png 300w\" sizes=\"(max-width: 344px) 100vw, 344px\" \/>\t\t\t\t\t\t\t\t\t\t\t\t\t\t\t<\/div>\n\t\t\t\t<\/div>\n\t\t\t\t<div class=\"elementor-element elementor-element-e93d874 elementor-widget elementor-widget-heading\" data-id=\"e93d874\" data-element_type=\"widget\" data-e-type=\"widget\" data-widget_type=\"heading.default\">\n\t\t\t\t<div class=\"elementor-widget-container\">\n\t\t\t\t\t<h2 class=\"elementor-heading-title elementor-size-default\">Grain Storage\n\n<\/h2>\t\t\t\t<\/div>\n\t\t\t\t<\/div>\n\t\t\t\t<div class=\"elementor-element elementor-element-15c0a20 elementor-widget elementor-widget-text-editor\" data-id=\"15c0a20\" data-element_type=\"widget\" data-e-type=\"widget\" data-widget_type=\"text-editor.default\">\n\t\t\t\t<div class=\"elementor-widget-container\">\n\t\t\t\t\t\t\t\t\t<p>Nuestras instalaciones reciben, almacenan y conservan cereales como ma\u00edz, trigo, sorgo, frijol, soya, sorgo, garbanzos, c\u00e1rtamo y semillas de ajonjol\u00ed principalmente<\/p>\t\t\t\t\t\t\t\t<\/div>\n\t\t\t\t<\/div>\n\t\t\t\t<\/div>\n\t\t<div class=\"elementor-element elementor-element-b72a053 e-con-full e-flex e-con e-child\" data-id=\"b72a053\" data-element_type=\"container\" data-e-type=\"container\">\n\t\t\t\t<div class=\"elementor-element elementor-element-880030a elementor-widget elementor-widget-image\" data-id=\"880030a\" data-element_type=\"widget\" data-e-type=\"widget\" data-widget_type=\"image.default\">\n\t\t\t\t<div class=\"elementor-widget-container\">\n\t\t\t\t\t\t\t\t\t\t\t\t\t\t\t<img decoding=\"async\" width=\"344\" height=\"331\" src=\"https:\/\/www.xinaloaniagroindustria.com\/wp-content\/uploads\/2024\/09\/foto_03.png\" class=\"attachment-large size-large wp-image-434\" alt=\"\" srcset=\"https:\/\/www.xinaloaniagroindustria.com\/wp-content\/uploads\/2024\/09\/foto_03.png 344w, https:\/\/www.xinaloaniagroindustria.com\/wp-content\/uploads\/2024\/09\/foto_03-300x289.png 300w\" sizes=\"(max-width: 344px) 100vw, 344px\" \/>\t\t\t\t\t\t\t\t\t\t\t\t\t\t\t<\/div>\n\t\t\t\t<\/div>\n\t\t\t\t<div class=\"elementor-element elementor-element-481112d elementor-widget elementor-widget-heading\" data-id=\"481112d\" data-element_type=\"widget\" data-e-type=\"widget\" data-widget_type=\"heading.default\">\n\t\t\t\t<div class=\"elementor-widget-container\">\n\t\t\t\t\t<h2 class=\"elementor-heading-title elementor-size-default\">Industria de la semilla de ajonjol\u00ed\n\n<\/h2>\t\t\t\t<\/div>\n\t\t\t\t<\/div>\n\t\t\t\t<div class=\"elementor-element elementor-element-0fa3e2b elementor-widget elementor-widget-text-editor\" data-id=\"0fa3e2b\" data-element_type=\"widget\" data-e-type=\"widget\" data-widget_type=\"text-editor.default\">\n\t\t\t\t<div class=\"elementor-widget-container\">\n\t\t\t\t\t\t\t\t\t<p>Procesamos y comercializamos\u00a0 semillas de ajonjol\u00ed natural y descuticulizado, en nuestras propias instalaciones<\/p>\t\t\t\t\t\t\t\t<\/div>\n\t\t\t\t<\/div>\n\t\t\t\t<\/div>\n\t\t\t\t\t<\/div>\n\t\t\t\t<\/div>\n\t\t<div class=\"elementor-element elementor-element-e9ee4ef e-flex e-con-boxed e-con e-parent\" data-id=\"e9ee4ef\" data-element_type=\"container\" data-e-type=\"container\" data-settings=\"{&quot;background_background&quot;:&quot;classic&quot;}\">\n\t\t\t\t\t<div class=\"e-con-inner\">\n\t\t<div class=\"elementor-element elementor-element-3b5e864 e-con-full e-flex e-con e-child\" data-id=\"3b5e864\" data-element_type=\"container\" data-e-type=\"container\">\n\t\t\t\t<div class=\"elementor-element elementor-element-55783f3 elementor-widget elementor-widget-spacer\" data-id=\"55783f3\" data-element_type=\"widget\" data-e-type=\"widget\" data-widget_type=\"spacer.default\">\n\t\t\t\t<div class=\"elementor-widget-container\">\n\t\t\t\t\t\t\t<div class=\"elementor-spacer\">\n\t\t\t<div class=\"elementor-spacer-inner\"><\/div>\n\t\t<\/div>\n\t\t\t\t\t\t<\/div>\n\t\t\t\t<\/div>\n\t\t\t\t<\/div>\n\t\t\t\t\t<\/div>\n\t\t\t\t<\/div>\n\t\t<div class=\"elementor-element elementor-element-c6e8746 e-flex e-con-boxed e-con e-parent\" data-id=\"c6e8746\" data-element_type=\"container\" data-e-type=\"container\">\n\t\t\t\t\t<div class=\"e-con-inner\">\n\t\t<div class=\"elementor-element elementor-element-7e3b739 e-con-full e-flex e-con e-child\" data-id=\"7e3b739\" data-element_type=\"container\" data-e-type=\"container\">\n\t\t\t\t<div class=\"elementor-element elementor-element-6dc8e02 elementor-widget elementor-widget-heading\" data-id=\"6dc8e02\" data-element_type=\"widget\" data-e-type=\"widget\" data-widget_type=\"heading.default\">\n\t\t\t\t<div class=\"elementor-widget-container\">\n\t\t\t\t\t<h2 class=\"elementor-heading-title elementor-size-default\">BENEFICIOS DE LAS SEMILLAS DE AJONJOl\u00cd\n<\/h2>\t\t\t\t<\/div>\n\t\t\t\t<\/div>\n\t\t\t\t<div class=\"elementor-element elementor-element-899d3e1 elementor-widget elementor-widget-text-editor\" data-id=\"899d3e1\" data-element_type=\"widget\" data-e-type=\"widget\" data-widget_type=\"text-editor.default\">\n\t\t\t\t<div class=\"elementor-widget-container\">\n\t\t\t\t\t\t\t\t\t<ul><li>High protein content.<\/li><li>Source of Metionin.<\/li><li>Healthy unsaturated fats.<\/li><li>Optimal levels of Calcium, Iron and Zinc.<\/li><li>Source of essentials such as Omega 3 and 6.<\/li><li>Vitamins E, B1, B3, B6 and folic acid.<\/li><li>Rich in Magnesium and Lecitin.<\/li><\/ul>\t\t\t\t\t\t\t\t<\/div>\n\t\t\t\t<\/div>\n\t\t\t\t<\/div>\n\t\t<div class=\"elementor-element elementor-element-e5e07ab e-con-full e-flex e-con e-child\" data-id=\"e5e07ab\" data-element_type=\"container\" data-e-type=\"container\">\n\t\t\t\t<div class=\"elementor-element elementor-element-949357f elementor-widget elementor-widget-image\" data-id=\"949357f\" data-element_type=\"widget\" data-e-type=\"widget\" data-widget_type=\"image.default\">\n\t\t\t\t<div class=\"elementor-widget-container\">\n\t\t\t\t\t\t\t\t\t\t\t\t\t\t\t<img loading=\"lazy\" decoding=\"async\" width=\"750\" height=\"940\" src=\"https:\/\/www.xinaloaniagroindustria.com\/wp-content\/uploads\/2024\/09\/semillas.png\" class=\"attachment-large size-large wp-image-449\" alt=\"\" srcset=\"https:\/\/www.xinaloaniagroindustria.com\/wp-content\/uploads\/2024\/09\/semillas.png 750w, https:\/\/www.xinaloaniagroindustria.com\/wp-content\/uploads\/2024\/09\/semillas-239x300.png 239w\" sizes=\"(max-width: 750px) 100vw, 750px\" \/>\t\t\t\t\t\t\t\t\t\t\t\t\t\t\t<\/div>\n\t\t\t\t<\/div>\n\t\t\t\t<\/div>\n\t\t\t\t\t<\/div>\n\t\t\t\t<\/div>\n\t\t<div class=\"elementor-element elementor-element-cdacea4 e-flex e-con-boxed e-con e-parent\" data-id=\"cdacea4\" data-element_type=\"container\" data-e-type=\"container\" data-settings=\"{&quot;background_background&quot;:&quot;classic&quot;}\">\n\t\t\t\t\t<div class=\"e-con-inner\">\n\t\t<div class=\"elementor-element elementor-element-30439ab e-con-full e-flex e-con e-child\" data-id=\"30439ab\" data-element_type=\"container\" data-e-type=\"container\">\n\t\t\t\t<div class=\"elementor-element elementor-element-c524c63 elementor-widget elementor-widget-image\" data-id=\"c524c63\" data-element_type=\"widget\" data-e-type=\"widget\" data-widget_type=\"image.default\">\n\t\t\t\t<div class=\"elementor-widget-container\">\n\t\t\t\t\t\t\t\t\t\t\t\t\t\t\t<img loading=\"lazy\" decoding=\"async\" width=\"800\" height=\"506\" src=\"https:\/\/www.xinaloaniagroindustria.com\/wp-content\/uploads\/2024\/09\/Pan.png\" class=\"attachment-large size-large wp-image-454\" alt=\"\" srcset=\"https:\/\/www.xinaloaniagroindustria.com\/wp-content\/uploads\/2024\/09\/Pan.png 1000w, https:\/\/www.xinaloaniagroindustria.com\/wp-content\/uploads\/2024\/09\/Pan-300x190.png 300w, https:\/\/www.xinaloaniagroindustria.com\/wp-content\/uploads\/2024\/09\/Pan-768x486.png 768w\" sizes=\"(max-width: 800px) 100vw, 800px\" \/>\t\t\t\t\t\t\t\t\t\t\t\t\t\t\t<\/div>\n\t\t\t\t<\/div>\n\t\t\t\t<\/div>\n\t\t<div class=\"elementor-element elementor-element-137e49d e-con-full e-flex e-con e-child\" data-id=\"137e49d\" data-element_type=\"container\" data-e-type=\"container\">\n\t\t\t\t<div class=\"elementor-element elementor-element-51ef6a1 elementor-widget elementor-widget-heading\" data-id=\"51ef6a1\" data-element_type=\"widget\" data-e-type=\"widget\" data-widget_type=\"heading.default\">\n\t\t\t\t<div class=\"elementor-widget-container\">\n\t\t\t\t\t<h2 class=\"elementor-heading-title elementor-size-default\">POTENTIAL CUSTOMERS<\/h2>\t\t\t\t<\/div>\n\t\t\t\t<\/div>\n\t\t\t\t<div class=\"elementor-element elementor-element-89b5c7f elementor-widget elementor-widget-text-editor\" data-id=\"89b5c7f\" data-element_type=\"widget\" data-e-type=\"widget\" data-widget_type=\"text-editor.default\">\n\t\t\t\t<div class=\"elementor-widget-container\">\n\t\t\t\t\t\t\t\t\t<ul><li>Bakeries.<\/li><li>Candy-makers.<\/li><li>Food processors.<\/li><li>Supermarkets.<\/li><li>Small businesses.<\/li><li>Restaurants.<\/li><\/ul>\t\t\t\t\t\t\t\t<\/div>\n\t\t\t\t<\/div>\n\t\t\t\t<\/div>\n\t\t\t\t\t<\/div>\n\t\t\t\t<\/div>\n\t\t<div class=\"elementor-element elementor-element-e42f968 e-flex e-con-boxed e-con e-parent\" data-id=\"e42f968\" data-element_type=\"container\" data-e-type=\"container\">\n\t\t\t\t\t<div class=\"e-con-inner\">\n\t\t<div class=\"elementor-element elementor-element-c227811 e-con-full e-grid e-con e-child\" data-id=\"c227811\" data-element_type=\"container\" data-e-type=\"container\">\n\t\t\t\t<div class=\"elementor-element elementor-element-317bd8b elementor-widget elementor-widget-image\" data-id=\"317bd8b\" data-element_type=\"widget\" data-e-type=\"widget\" data-widget_type=\"image.default\">\n\t\t\t\t<div class=\"elementor-widget-container\">\n\t\t\t\t\t\t\t\t\t\t\t\t\t\t\t<img loading=\"lazy\" decoding=\"async\" width=\"687\" height=\"1000\" src=\"https:\/\/www.xinaloaniagroindustria.com\/wp-content\/uploads\/2025\/10\/COSTAL-MIX_web.png\" class=\"attachment-medium_large size-medium_large wp-image-706\" alt=\"\" srcset=\"https:\/\/www.xinaloaniagroindustria.com\/wp-content\/uploads\/2025\/10\/COSTAL-MIX_web.png 687w, https:\/\/www.xinaloaniagroindustria.com\/wp-content\/uploads\/2025\/10\/COSTAL-MIX_web-206x300.png 206w, https:\/\/www.xinaloaniagroindustria.com\/wp-content\/uploads\/2025\/10\/COSTAL-MIX_web-8x12.png 8w\" sizes=\"(max-width: 687px) 100vw, 687px\" \/>\t\t\t\t\t\t\t\t\t\t\t\t\t\t\t<\/div>\n\t\t\t\t<\/div>\n\t\t\t\t<div class=\"elementor-element elementor-element-f37c440 elementor-widget elementor-widget-image\" data-id=\"f37c440\" data-element_type=\"widget\" data-e-type=\"widget\" data-widget_type=\"image.default\">\n\t\t\t\t<div class=\"elementor-widget-container\">\n\t\t\t\t\t\t\t\t\t\t\t\t\t\t\t<img loading=\"lazy\" decoding=\"async\" width=\"687\" height=\"1000\" src=\"https:\/\/www.xinaloaniagroindustria.com\/wp-content\/uploads\/2025\/10\/COSTAL-Premium_web.png\" class=\"attachment-medium_large size-medium_large wp-image-707\" alt=\"\" srcset=\"https:\/\/www.xinaloaniagroindustria.com\/wp-content\/uploads\/2025\/10\/COSTAL-Premium_web.png 687w, https:\/\/www.xinaloaniagroindustria.com\/wp-content\/uploads\/2025\/10\/COSTAL-Premium_web-206x300.png 206w, https:\/\/www.xinaloaniagroindustria.com\/wp-content\/uploads\/2025\/10\/COSTAL-Premium_web-8x12.png 8w\" sizes=\"(max-width: 687px) 100vw, 687px\" \/>\t\t\t\t\t\t\t\t\t\t\t\t\t\t\t<\/div>\n\t\t\t\t<\/div>\n\t\t\t\t<div class=\"elementor-element elementor-element-80473a8 elementor-widget elementor-widget-image\" data-id=\"80473a8\" data-element_type=\"widget\" data-e-type=\"widget\" data-widget_type=\"image.default\">\n\t\t\t\t<div class=\"elementor-widget-container\">\n\t\t\t\t\t\t\t\t\t\t\t\t\t\t\t<img loading=\"lazy\" decoding=\"async\" width=\"687\" height=\"1000\" src=\"https:\/\/www.xinaloaniagroindustria.com\/wp-content\/uploads\/2025\/10\/COSTAL-selec_web.png\" class=\"attachment-medium_large size-medium_large wp-image-713\" alt=\"\" srcset=\"https:\/\/www.xinaloaniagroindustria.com\/wp-content\/uploads\/2025\/10\/COSTAL-selec_web.png 687w, https:\/\/www.xinaloaniagroindustria.com\/wp-content\/uploads\/2025\/10\/COSTAL-selec_web-206x300.png 206w, https:\/\/www.xinaloaniagroindustria.com\/wp-content\/uploads\/2025\/10\/COSTAL-selec_web-8x12.png 8w\" sizes=\"(max-width: 687px) 100vw, 687px\" \/>\t\t\t\t\t\t\t\t\t\t\t\t\t\t\t<\/div>\n\t\t\t\t<\/div>\n\t\t\t\t<div class=\"elementor-element elementor-element-edfc8d3 elementor-widget elementor-widget-image\" data-id=\"edfc8d3\" data-element_type=\"widget\" data-e-type=\"widget\" data-widget_type=\"image.default\">\n\t\t\t\t<div class=\"elementor-widget-container\">\n\t\t\t\t\t\t\t\t\t\t\t\t\t\t\t<img loading=\"lazy\" decoding=\"async\" width=\"687\" height=\"1000\" src=\"https:\/\/www.xinaloaniagroindustria.com\/wp-content\/uploads\/2025\/10\/costal_tostado_web.png\" class=\"attachment-medium_large size-medium_large wp-image-708\" alt=\"\" srcset=\"https:\/\/www.xinaloaniagroindustria.com\/wp-content\/uploads\/2025\/10\/costal_tostado_web.png 687w, https:\/\/www.xinaloaniagroindustria.com\/wp-content\/uploads\/2025\/10\/costal_tostado_web-206x300.png 206w, https:\/\/www.xinaloaniagroindustria.com\/wp-content\/uploads\/2025\/10\/costal_tostado_web-8x12.png 8w\" sizes=\"(max-width: 687px) 100vw, 687px\" \/>\t\t\t\t\t\t\t\t\t\t\t\t\t\t\t<\/div>\n\t\t\t\t<\/div>\n\t\t\t\t<\/div>\n\t\t\t\t\t<\/div>\n\t\t\t\t<\/div>\n\t\t\t\t<\/div>","protected":false},"excerpt":{"rendered":"<p>NUESTROS SERVICIOS Comercializaci\u00f3n de cereales Compramos y comercializamos un importante volumen de cereales y semillas para satisfacer la demanda de nuestros clientes. Almacenamiento de granos Nuestras instalaciones reciben, almacenan y conservan cereales como ma\u00edz, trigo, sorgo, frijol, soya, sorgo, garbanzos, c\u00e1rtamo y semillas de ajonjol\u00ed principalmente Industria de la semilla de ajonjol\u00ed Procesamos y comercializamos\u00a0 [&hellip;]<\/p>\n","protected":false},"author":1,"featured_media":0,"parent":0,"menu_order":0,"comment_status":"closed","ping_status":"closed","template":"elementor_header_footer","meta":{"footnotes":""},"class_list":["post-429","page","type-page","status-publish","hentry"],"_links":{"self":[{"href":"https:\/\/www.xinaloaniagroindustria.com\/en\/wp-json\/wp\/v2\/pages\/429","targetHints":{"allow":["GET"]}}],"collection":[{"href":"https:\/\/www.xinaloaniagroindustria.com\/en\/wp-json\/wp\/v2\/pages"}],"about":[{"href":"https:\/\/www.xinaloaniagroindustria.com\/en\/wp-json\/wp\/v2\/types\/page"}],"author":[{"embeddable":true,"href":"https:\/\/www.xinaloaniagroindustria.com\/en\/wp-json\/wp\/v2\/users\/1"}],"replies":[{"embeddable":true,"href":"https:\/\/www.xinaloaniagroindustria.com\/en\/wp-json\/wp\/v2\/comments?post=429"}],"version-history":[{"count":64,"href":"https:\/\/www.xinaloaniagroindustria.com\/en\/wp-json\/wp\/v2\/pages\/429\/revisions"}],"predecessor-version":[{"id":810,"href":"https:\/\/www.xinaloaniagroindustria.com\/en\/wp-json\/wp\/v2\/pages\/429\/revisions\/810"}],"wp:attachment":[{"href":"https:\/\/www.xinaloaniagroindustria.com\/en\/wp-json\/wp\/v2\/media?parent=429"}],"curies":[{"name":"wp","href":"https:\/\/api.w.org\/{rel}","templated":true}]}}